{"id":5909,"date":"2018-03-02T16:29:16","date_gmt":"2018-03-02T21:29:16","guid":{"rendered":"https:\/\/cansupport.ca\/activities-calendar\/"},"modified":"2025-05-02T09:02:41","modified_gmt":"2025-05-02T13:02:41","slug":"activities-calendar","status":"publish","type":"page","link":"https:\/\/cansupport.ca\/fr\/activities-calendar\/","title":{"rendered":"Calendrier d&rsquo;activit\u00e9"},"content":{"rendered":"<h4><strong>Veuillez cliquer sur le lien suivant pour une version imprimable de notre calendrier: <a href=\"https:\/\/cansupport.ca\/wp-content\/uploads\/2025\/05\/CanSupport-des-Cedres-PE-Cal-2025-1.pdf\">CanSupport des C\u00e8dres calendrier printemps-\u00e9t\u00e9 2025<\/a><\/strong><\/h4>\n<p><a href=\"https:\/\/cansupport.ca\/wp-content\/uploads\/2025\/05\/CanSupport-des-Cedres-PE-Cal-2025-1.pdf\"><img loading=\"lazy\" decoding=\"async\" class=\"alignnone wp-image-20221 size-full\" src=\"https:\/\/cansupport.ca\/wp-content\/uploads\/2025\/05\/CanSupport-des-Cedres-PE-Cal-2025-1-pdf.jpg\" alt=\"\" width=\"1088\" height=\"1792\" \/><\/a><\/p>\n","protected":false},"excerpt":{"rendered":"<p>Veuillez cliquer sur le lien suivant pour une version imprimable de notre calendrier: CanSupport des C\u00e8dres calendrier printemps-\u00e9t\u00e9 2025<\/p>\n","protected":false},"author":4,"featured_media":0,"parent":0,"menu_order":0,"comment_status":"closed","ping_status":"closed","template":"","meta":{"footnotes":""},"class_list":["post-5909","page","type-page","status-publish","hentry"],"_links":{"self":[{"href":"https:\/\/cansupport.ca\/fr\/wp-json\/wp\/v2\/pages\/5909","targetHints":{"allow":["GET"]}}],"collection":[{"href":"https:\/\/cansupport.ca\/fr\/wp-json\/wp\/v2\/pages"}],"about":[{"href":"https:\/\/cansupport.ca\/fr\/wp-json\/wp\/v2\/types\/page"}],"author":[{"embeddable":true,"href":"https:\/\/cansupport.ca\/fr\/wp-json\/wp\/v2\/users\/4"}],"replies":[{"embeddable":true,"href":"https:\/\/cansupport.ca\/fr\/wp-json\/wp\/v2\/comments?post=5909"}],"version-history":[{"count":22,"href":"https:\/\/cansupport.ca\/fr\/wp-json\/wp\/v2\/pages\/5909\/revisions"}],"predecessor-version":[{"id":20224,"href":"https:\/\/cansupport.ca\/fr\/wp-json\/wp\/v2\/pages\/5909\/revisions\/20224"}],"wp:attachment":[{"href":"https:\/\/cansupport.ca\/fr\/wp-json\/wp\/v2\/media?parent=5909"}],"curies":[{"name":"wp","href":"https:\/\/api.w.org\/{rel}","templated":true}]}}