{"id":5896,"date":"2018-02-23T19:09:59","date_gmt":"2018-02-24T00:09:59","guid":{"rendered":"https:\/\/cansupport.ca\/financial-support\/"},"modified":"2022-03-09T14:01:05","modified_gmt":"2022-03-09T19:01:05","slug":"aide-financiere","status":"publish","type":"page","link":"https:\/\/cansupport.ca\/fr\/aide-financiere\/","title":{"rendered":"Aide financi\u00e8re"},"content":{"rendered":"<p>Le cancer peut affecter vos finances. Vous et votre proche aidant devrez peut-\u00eatre prendre un cong\u00e9 du travail. Vous pouvez avoir des d\u00e9penses suppl\u00e9mentaires telles que les m\u00e9dicaments, la nourriture et le transport.<\/p>\n<p>CanSupport des C\u00e8dres dispose d&rsquo;un fonds humanitaire destin\u00e9 uniquement aux patients atteints du cancer du Centre universitaire de sant\u00e9 McGill (CUSM) qui ont besoin d\u2019une aide financi\u00e8re.<\/p>\n<p>&nbsp;<\/p>\n<h4><strong><span style=\"color: #1e22aa;\">Comment faire une demande d\u2019aide financi\u00e8re?<\/span><\/strong><\/h4>\n<p>Les patients atteints de cancer du CUSM doivent rencontrer un travailleur social au Centre du cancer des C\u00e8dres. Il \u00e9valuera la situation et donnera des suggestions de soutien financier.<\/p>\n<p>Pour prendre rendez-vous avec un travailleur social, il n&rsquo;est pas n\u00e9cessaire d&rsquo;avoir une r\u00e9f\u00e9rence. Les patients atteints d&rsquo;un cancer du CUSM peuvent demander \u00e0 leur \u00e9quipe m\u00e9dicale qu&rsquo;ils souhaitent rencontrer un travailleur social ou ils peuvent communiquer directement avec le d\u00e9partement des services sociaux du CUSM par t\u00e9l\u00e9phone au (514) 934-1934 poste 31569.<\/p>\n","protected":false},"excerpt":{"rendered":"<p>Le cancer peut affecter vos finances. Vous et votre proche aidant devrez peut-\u00eatre prendre un cong\u00e9 du travail. Vous pouvez avoir des d\u00e9penses suppl\u00e9mentaires telles que les m\u00e9dicaments, la nourriture [&hellip;]<\/p>\n","protected":false},"author":4,"featured_media":0,"parent":0,"menu_order":0,"comment_status":"closed","ping_status":"closed","template":"","meta":{"footnotes":""},"class_list":["post-5896","page","type-page","status-publish","hentry"],"_links":{"self":[{"href":"https:\/\/cansupport.ca\/fr\/wp-json\/wp\/v2\/pages\/5896","targetHints":{"allow":["GET"]}}],"collection":[{"href":"https:\/\/cansupport.ca\/fr\/wp-json\/wp\/v2\/pages"}],"about":[{"href":"https:\/\/cansupport.ca\/fr\/wp-json\/wp\/v2\/types\/page"}],"author":[{"embeddable":true,"href":"https:\/\/cansupport.ca\/fr\/wp-json\/wp\/v2\/users\/4"}],"replies":[{"embeddable":true,"href":"https:\/\/cansupport.ca\/fr\/wp-json\/wp\/v2\/comments?post=5896"}],"version-history":[{"count":3,"href":"https:\/\/cansupport.ca\/fr\/wp-json\/wp\/v2\/pages\/5896\/revisions"}],"predecessor-version":[{"id":6194,"href":"https:\/\/cansupport.ca\/fr\/wp-json\/wp\/v2\/pages\/5896\/revisions\/6194"}],"wp:attachment":[{"href":"https:\/\/cansupport.ca\/fr\/wp-json\/wp\/v2\/media?parent=5896"}],"curies":[{"name":"wp","href":"https:\/\/api.w.org\/{rel}","templated":true}]}}