{"id":5889,"date":"2020-10-16T18:08:58","date_gmt":"2020-10-16T22:08:58","guid":{"rendered":"https:\/\/cansupport.ca\/our-history\/"},"modified":"2025-01-08T13:52:57","modified_gmt":"2025-01-08T18:52:57","slug":"notre-histoire","status":"publish","type":"page","link":"https:\/\/cansupport.ca\/fr\/notre-histoire\/","title":{"rendered":"Notre histoire"},"content":{"rendered":"<h3><\/h3>\n<h2><span style=\"color: #1e22aa;\">Message de la fondatrice<\/span><\/h2>\n<p>En 1984, Gwen Nacos, survivante du cancer, \u00e9tait loin de se douter qu\u2019une rencontre de 10 minutes avec une patiente atteinte de cancer changerait sa vie et celle d\u2019innombrables personnes.<\/p>\n<p>\u00c0 38 ans, alors que Gwen venait d\u2019\u00eatre op\u00e9r\u00e9e \u00e0 la vessie trois semaines auparavant pour extraire une tumeur canc\u00e9reuse, une infirmi\u00e8re lui a demand\u00e9 de rencontrer une femme sur le point de subir la m\u00eame op\u00e9ration. Bien que Gwen n\u2019avait pas accord\u00e9 beaucoup d\u2019importance \u00e0 cette rencontre impromptue pendant laquelle elle a montr\u00e9 ses blessures et partag\u00e9 ses exp\u00e9riences, l\u2019infirmi\u00e8re l\u2019a remerci\u00e9e vivement de son implication. Gwen a soulign\u00e9 qu\u2019elle n\u2019avait rien fait de particulier et l\u2019infirmi\u00e8re a r\u00e9torqu\u00e9 : \u00ab Vous avez pris la peine d\u2019\u00eatre l\u00e0 et vous avez partag\u00e9 quelque chose de crucial pour elle \u00bb.<\/p>\n<p><img loading=\"lazy\" decoding=\"async\" class=\"size-full wp-image-5810 alignleft\" src=\"https:\/\/cansupport.ca\/wp-content\/uploads\/2020\/10\/Gwen1.png\" alt=\"\" width=\"372\" height=\"552\" srcset=\"https:\/\/cansupport.ca\/wp-content\/uploads\/2020\/10\/Gwen1.png 372w, https:\/\/cansupport.ca\/wp-content\/uploads\/2020\/10\/Gwen1-202x300.png 202w\" sizes=\"auto, (max-width: 372px) 100vw, 372px\" \/>C\u2019est \u00e0 ce moment que Nacos a compris toute l\u2019importance du simple fait d\u2019\u00eatre l\u00e0 pour quelqu\u2019un, et c\u2019est ainsi que le concept initial de CanSupport des C\u00e8dres a vu le jour.<\/p>\n<p>&nbsp;<\/p>\n<h3><span style=\"color: #1e22aa;\">Combler le manque de services de soutien<\/span><\/h3>\n<p>\u00c0 l\u2019\u00e9poque o\u00f9 elle luttait contre le cancer et subissait des traitements intensifs et invasifs de radioth\u00e9rapie et de chimioth\u00e9rapie, Gwen ne connaissait aucun service de soutien venant en aide aux patients. Alors qu\u2019elle avait la chance de pouvoir compter sur sa famille et ses amis, Gwen a constat\u00e9 que bon nombre d\u2019autres personnes \u00e9taient moins chanceuses.<\/p>\n<p>\u00ab Pendant que j\u2019attendais dans les salles d\u2019attente et que j\u2019\u00e9tais couch\u00e9e sur les lits d\u2019h\u00f4pitaux, j\u2019ai r\u00e9alis\u00e9 que beaucoup de patients atteints de cancer ne disposaient pas des ressources et de l\u2019appui dont je b\u00e9n\u00e9ficiais \u00bb, se rappelle-t-elle, soulignant que les services de CanSupport peuvent \u00eatre indispensables pour une personne venant de recevoir un diagnostic de cancer. \u00ab Les gens sont tr\u00e8s vuln\u00e9rables lorsqu\u2019ils apprennent qu\u2019ils sont atteints de cancer. La premi\u00e8re question qu\u2019ils posent est \u201cEst-ce que je vais mourir?\u201d \u00bb, explique-t-elle. \u00ab Vous ne savez pas quelles questions poser lorsque vous \u00eates vuln\u00e9rable. Vous ne savez pas quoi chercher parce que vous ne connaissez pas les ressources disponibles. \u00c0 ce stade, vous ne savez rien du tout. \u00bb<\/p>\n<p>Peu apr\u00e8s avoir \u00e9t\u00e9 diagnostiqu\u00e9s, les patients atteints de cancer sont inform\u00e9s des nombreux services gratuits et bilingues offerts par CanSupport des C\u00e8dres. \u00ab Nous leur expliquons qu\u2019ils y pourront compter sur l\u2019aide de quelqu\u2019un en tout temps et \u00e0 toutes les \u00e9tapes. \u00bb, pr\u00e9cise-t-elle.<\/p>\n<p>Au d\u00e9part, CanSupport \u00e9tait un modeste organisme se r\u00e9sumant \u00e0 Gwen et \u00e0 un bureau aux Services de b\u00e9n\u00e9volat de l\u2019H\u00f4pital Royal Victoria. Les tout premiers services offerts \u00e9taient des brochures et des d\u00e9pliants contenant des renseignements comme une liste de boutiques de perruques. En peu de temps, CanSupport a commenc\u00e9 \u00e0 jumeler patients et b\u00e9n\u00e9voles dans le but d\u2019aider les personnes atteintes de cancer \u00e0 g\u00e9rer les pr\u00e9occupations \u00e9motives, psychologiques et spirituelles qui peuvent surgir \u00e0 la suite d\u2019un diagnostic positif.<\/p>\n<p>Le traitement du cancer va bien au-del\u00e0 de la chirurgie, de la radioth\u00e9rapie, de la chimioth\u00e9rapie et de l\u2019hormonoth\u00e9rapie.<br \/>\n\u00ab Il s\u2019agit de toutes les questions \u00e9motives et pratiques : comment me rendre \u00e0 l\u2019h\u00f4pital? Comment \u00e9viter de me ruiner en frais de stationnement si j\u2019ai des traitements de radioth\u00e9rapie tous les jours de la semaine pendant cinq \u00e0 six semaines? Qui prendra soin de mes enfants \u00e0 la maison? Beaucoup d\u2019inqui\u00e9tudes et d\u2019angoisses peuvent \u00eatre aliment\u00e9es lorsque vous ignorez les services qui vous sont offerts \u00bb, souligne Gwen.<\/p>\n<p>Aujourd\u2019hui, CanSupport des C\u00e8dres demeure un \u00e9l\u00e9ment cl\u00e9 du centre de traitement du cancer du CUSM. Il continue d\u2019offrir un soutien pratique, p\u00e9dagogique, psychologique et humanitaire aux patients vivant avec le cancer et \u00e0 leurs familles gr\u00e2ce \u00e0 une \u00e9quipe de professionnels et de b\u00e9n\u00e9voles qualifi\u00e9s dont bon nombre sont des survivants du cancer.<\/p>\n<p>\u00ab Les gens me demandaient et me demandent toujours : \u201cQu\u2019est-ce qui vous a pouss\u00e9e \u00e0 fonder CanSupport, et pourquoi demeurez-vous si impliqu\u00e9e apr\u00e8s tant d\u2019ann\u00e9es?\u201d \u00bb, raconte Gwen. \u00ab Je r\u00e9ponds que, puisque j\u2019ai eu la chance de remporter ma propre lutte contre le cancer, il est possible que je puisse aider d\u2019autres personnes confront\u00e9es \u00e0 cette terrible maladie. Mon travail ne sera pas termin\u00e9 avant que chaque nouveau patient du CUSM puisse recevoir les services de CanSupport et qu\u2019un r\u00e9el mod\u00e8le de soins de soutien li\u00e9s au cancer soit cr\u00e9\u00e9. \u00bb<\/p>\n","protected":false},"excerpt":{"rendered":"<p>Message de la fondatrice En 1984, Gwen Nacos, survivante du cancer, \u00e9tait loin de se douter qu\u2019une rencontre de 10 minutes avec une patiente atteinte de cancer changerait sa vie [&hellip;]<\/p>\n","protected":false},"author":2,"featured_media":0,"parent":0,"menu_order":0,"comment_status":"closed","ping_status":"closed","template":"","meta":{"footnotes":""},"class_list":["post-5889","page","type-page","status-publish","hentry"],"_links":{"self":[{"href":"https:\/\/cansupport.ca\/fr\/wp-json\/wp\/v2\/pages\/5889","targetHints":{"allow":["GET"]}}],"collection":[{"href":"https:\/\/cansupport.ca\/fr\/wp-json\/wp\/v2\/pages"}],"about":[{"href":"https:\/\/cansupport.ca\/fr\/wp-json\/wp\/v2\/types\/page"}],"author":[{"embeddable":true,"href":"https:\/\/cansupport.ca\/fr\/wp-json\/wp\/v2\/users\/2"}],"replies":[{"embeddable":true,"href":"https:\/\/cansupport.ca\/fr\/wp-json\/wp\/v2\/comments?post=5889"}],"version-history":[{"count":3,"href":"https:\/\/cansupport.ca\/fr\/wp-json\/wp\/v2\/pages\/5889\/revisions"}],"predecessor-version":[{"id":19555,"href":"https:\/\/cansupport.ca\/fr\/wp-json\/wp\/v2\/pages\/5889\/revisions\/19555"}],"wp:attachment":[{"href":"https:\/\/cansupport.ca\/fr\/wp-json\/wp\/v2\/media?parent=5889"}],"curies":[{"name":"wp","href":"https:\/\/api.w.org\/{rel}","templated":true}]}}