{"id":5886,"date":"2018-02-22T20:58:31","date_gmt":"2018-02-23T01:58:31","guid":{"rendered":"https:\/\/cansupport.ca\/about-us\/"},"modified":"2025-01-08T13:47:01","modified_gmt":"2025-01-08T18:47:01","slug":"a-propos-de-nous","status":"publish","type":"page","link":"https:\/\/cansupport.ca\/fr\/a-propos-de-nous\/","title":{"rendered":"\u00c0 propos de nous"},"content":{"rendered":"<p>CanSupport des C\u00e8dres est un programme de soutien int\u00e9gr\u00e9 au volet Mission des soins de cancer du Centre unviersitaire de sant\u00e9 McGill. En collaboration avec l\u2019\u00e9quipe de soins de la sant\u00e9, nous offrons une gamme de services compl\u00e9mentaires dans le but d\u2019am\u00e9liorer la qualit\u00e9 de vie des patients et de leurs familles.<\/p>\n<p>Nous sommes une \u00e9quipe de professionnels et de b\u00e9n\u00e9voles sp\u00e9cialement form\u00e9s. Nous offrons gratuitement aux patients et \u00e0 leurs familles des services de soutien affectif, des services d\u2019information ainsi que des th\u00e9rapies compl\u00e9mentaires et des ressources pratiques.<\/p>\n<p>&nbsp;<\/p>\n<h3><span style=\"color: #1e22aa;\">Mission et valeurs<\/span><\/h3>\n<h3><span style=\"color: #1e22aa;\">Mission<\/span><\/h3>\n<p>CanSupport des C\u00e8dres offre des services gratuits de soutien humanitaire aux patients vivant avec le cancer et \u00e0 leurs familles au Centre universitaire de sant\u00e9 McGill (CUSM). Il s\u2019engage \u00e0 offrir des soins prodigu\u00e9s avec compassion, \u00e0 faire preuve de compr\u00e9hension, et \u00e0 enrichir la vie des patients au moment du diagnostic, pendant et apr\u00e8s leurs traitements et, s\u2019il le faut, au terme de leur vie. Gr\u00e2ce \u00e0 son personnel professionnel et \u00e0 son \u00e9quipe form\u00e9e et encadr\u00e9e de b\u00e9n\u00e9voles d\u00e9vou\u00e9s dont la plupart sont des survivants du cancer, CanSupport des C\u00e8dres s\u2019efforce de venir en aide \u00e0 tous les patients r\u00e9cemment diagnostiqu\u00e9s au CUSM.<\/p>\n<h3><span style=\"color: #1e22aa;\">Valeurs<\/span><\/h3>\n<p>CanSupport des C\u00e8dres tient compte des normes les plus \u00e9lev\u00e9es en mati\u00e8re de relations aupr\u00e8s des patients, des familles, des membres de l\u2019\u00e9quipe soignante, de la direction et des employ\u00e9s de l\u2019h\u00f4pital. Il favorise un climat propice au soutien, au respect et \u00e0 la reconnaissance de son personnel et de ses b\u00e9n\u00e9voles. CanSupport des C\u00e8dres s\u2019engage \u00e0 pratiquer une bonne gouvernance et \u00e0 respecter la confidentialit\u00e9 de ses rapports avec les patients et leurs familles.<\/p>\n","protected":false},"excerpt":{"rendered":"<p>CanSupport des C\u00e8dres est un programme de soutien int\u00e9gr\u00e9 au volet Mission des soins de cancer du Centre unviersitaire de sant\u00e9 McGill. En collaboration avec l\u2019\u00e9quipe de soins de la [&hellip;]<\/p>\n","protected":false},"author":4,"featured_media":0,"parent":0,"menu_order":0,"comment_status":"closed","ping_status":"closed","template":"","meta":{"footnotes":""},"class_list":["post-5886","page","type-page","status-publish","hentry"],"_links":{"self":[{"href":"https:\/\/cansupport.ca\/fr\/wp-json\/wp\/v2\/pages\/5886","targetHints":{"allow":["GET"]}}],"collection":[{"href":"https:\/\/cansupport.ca\/fr\/wp-json\/wp\/v2\/pages"}],"about":[{"href":"https:\/\/cansupport.ca\/fr\/wp-json\/wp\/v2\/types\/page"}],"author":[{"embeddable":true,"href":"https:\/\/cansupport.ca\/fr\/wp-json\/wp\/v2\/users\/4"}],"replies":[{"embeddable":true,"href":"https:\/\/cansupport.ca\/fr\/wp-json\/wp\/v2\/comments?post=5886"}],"version-history":[{"count":5,"href":"https:\/\/cansupport.ca\/fr\/wp-json\/wp\/v2\/pages\/5886\/revisions"}],"predecessor-version":[{"id":19553,"href":"https:\/\/cansupport.ca\/fr\/wp-json\/wp\/v2\/pages\/5886\/revisions\/19553"}],"wp:attachment":[{"href":"https:\/\/cansupport.ca\/fr\/wp-json\/wp\/v2\/media?parent=5886"}],"curies":[{"name":"wp","href":"https:\/\/api.w.org\/{rel}","templated":true}]}}