{"id":5594,"date":"2020-10-15T14:17:10","date_gmt":"2020-10-15T18:17:10","guid":{"rendered":"https:\/\/cansupport.ca\/about-the-resource-centre\/"},"modified":"2025-01-08T14:18:35","modified_gmt":"2025-01-08T19:18:35","slug":"a-propos-du-centre-de-ressources","status":"publish","type":"page","link":"https:\/\/cansupport.ca\/fr\/a-propos-du-centre-de-ressources\/","title":{"rendered":"\u00c0 propos du Centre de Ressources"},"content":{"rendered":"<div id=\"subtitle\"><\/div>\n<div id=\"content-part\">\n<div id=\"post-1788\" class=\"post\">\n<div class=\"entry\">\n<h2><\/h2>\n<h4><strong><img loading=\"lazy\" decoding=\"async\" class=\"wp-image-5595 size-large alignleft\" src=\"https:\/\/cansupport.ca\/wp-content\/uploads\/2021\/08\/Resource-Centre-1024x768.jpg\" alt=\"\" width=\"630\" height=\"473\" srcset=\"https:\/\/cansupport.ca\/wp-content\/uploads\/2021\/08\/Resource-Centre-1024x768.jpg 1024w, https:\/\/cansupport.ca\/wp-content\/uploads\/2021\/08\/Resource-Centre-300x225.jpg 300w, https:\/\/cansupport.ca\/wp-content\/uploads\/2021\/08\/Resource-Centre-768x576.jpg 768w, https:\/\/cansupport.ca\/wp-content\/uploads\/2021\/08\/Resource-Centre-1536x1152.jpg 1536w, https:\/\/cansupport.ca\/wp-content\/uploads\/2021\/08\/Resource-Centre-2048x1536.jpg 2048w\" sizes=\"auto, (max-width: 630px) 100vw, 630px\" \/><span style=\"color: #1e22aa;\">\u00c0 propos<\/span><\/strong><\/h4>\n<p>Le Centre de ressources CanSupport des C\u00e8dres est un espace communautaire accueillant et biblioth\u00e8que qui fournit des services d\u2019information sur la sant\u00e9\u00a0<strong>aux patients adultes atteints de cancer, aux familles, aux proches aidants et aux membres de la communaut\u00e9.<\/strong><\/p>\n<p>&nbsp;<\/p>\n<h4><span style=\"color: #1e22aa;\"><strong>Notre mission<\/strong><\/span><\/h4>\n<p>Le\u00a0<strong>Centre de ressources CanSupport des C\u00e8dres<\/strong>\u00a0vise \u00e0 fournir de l\u2019information et des ressources sur la sant\u00e9 aux visiteurs et \u00e0 les aider \u00e0 devenir des partenaires inform\u00e9s et actifs dans la prise de d\u00e9cisions \u00e9clair\u00e9es sur leurs soins de sant\u00e9.<\/p>\n<\/div>\n<\/div>\n<\/div>\n<p>&nbsp;<\/p>\n<div id=\"content-part\">\n<div id=\"post-1788\" class=\"post\">\n<div class=\"entry\">\n<h4><span style=\"color: #1e22aa;\"><strong>Nos objectifs<\/strong><\/span><\/h4>\n<ul>\n<li>Fournir un acc\u00e8s \u00e0 des informations sur des sujets reli\u00e9s \u00e0 la sant\u00e9 et \u00e0 des ressources communautaires fiables et \u00e0 jour<\/li>\n<li>Offrir un espace s\u00e9curitaire et accueillant<\/li>\n<li>Collaborer avec les professionnels de la sant\u00e9 pour identifier et r\u00e9pondre aux besoins d\u2019information des patients adultes atteints de cancer, des proches aidants et des familles<\/li>\n<\/ul>\n<\/div>\n<\/div>\n<\/div>\n","protected":false},"excerpt":{"rendered":"<p>\u00c0 propos Le Centre de ressources CanSupport des C\u00e8dres est un espace communautaire accueillant et biblioth\u00e8que qui fournit des services d\u2019information sur la sant\u00e9\u00a0aux patients adultes atteints de cancer, aux [&hellip;]<\/p>\n","protected":false},"author":2,"featured_media":0,"parent":0,"menu_order":0,"comment_status":"closed","ping_status":"closed","template":"","meta":{"footnotes":""},"class_list":["post-5594","page","type-page","status-publish","hentry"],"_links":{"self":[{"href":"https:\/\/cansupport.ca\/fr\/wp-json\/wp\/v2\/pages\/5594","targetHints":{"allow":["GET"]}}],"collection":[{"href":"https:\/\/cansupport.ca\/fr\/wp-json\/wp\/v2\/pages"}],"about":[{"href":"https:\/\/cansupport.ca\/fr\/wp-json\/wp\/v2\/types\/page"}],"author":[{"embeddable":true,"href":"https:\/\/cansupport.ca\/fr\/wp-json\/wp\/v2\/users\/2"}],"replies":[{"embeddable":true,"href":"https:\/\/cansupport.ca\/fr\/wp-json\/wp\/v2\/comments?post=5594"}],"version-history":[{"count":6,"href":"https:\/\/cansupport.ca\/fr\/wp-json\/wp\/v2\/pages\/5594\/revisions"}],"predecessor-version":[{"id":19563,"href":"https:\/\/cansupport.ca\/fr\/wp-json\/wp\/v2\/pages\/5594\/revisions\/19563"}],"wp:attachment":[{"href":"https:\/\/cansupport.ca\/fr\/wp-json\/wp\/v2\/media?parent=5594"}],"curies":[{"name":"wp","href":"https:\/\/api.w.org\/{rel}","templated":true}]}}