{"id":13399,"date":"2023-10-20T10:26:40","date_gmt":"2023-10-20T14:26:40","guid":{"rendered":"https:\/\/cansupport.ca\/conference-publique-gratuite-de-cansupport-des-cedres-sur-le-cancer-du-sein\/"},"modified":"2023-10-20T10:26:40","modified_gmt":"2023-10-20T14:26:40","slug":"conference-publique-gratuite-de-cansupport-des-cedres-sur-le-cancer-du-sein","status":"publish","type":"page","link":"https:\/\/cansupport.ca\/fr\/conference-publique-gratuite-de-cansupport-des-cedres-sur-le-cancer-du-sein\/","title":{"rendered":"Conf\u00e9rence publique gratuite de CanSupport des C\u00e8dres sur le Cancer du Sein"},"content":{"rendered":"<p>Joignez-vous \u00e0 nous pour notre conf\u00e9rence publique HYBRID CanSupport des C\u00e8dres<\/p>\n<p>Quelles sont les nouveaut\u00e9s en mati\u00e8re de soins et de recherche sur le cancer du sein<\/p>\n<p>Apprenez-en plus sur les ressources disponibles, les options de traitement, les r\u00e9sultats de la recherche et les outils \u00e9ducatifs en vous connectant avec des professionnels de la sant\u00e9, des patients et leurs familles.<\/p>\n<h5>] 25 octobre 2023 \u00e0 19h<\/h5>\n<h5>Acc\u00e8s en ligne via Teams ou en personne au CUSM<\/h5>\n<p><a href=\"https:\/\/forms.gle\/7mcfKy4Trubxy8Ei7\">INSCRIVEZ-VOUS<\/a><\/p>\n<p><a href=\"https:\/\/cansupport.ca\/wp-content\/uploads\/2023\/10\/PublicLecture_Poster_Oct2023_FINAL4.jpg\"><img loading=\"lazy\" decoding=\"async\" class=\"alignnone size-full wp-image-13396\" src=\"https:\/\/cansupport.ca\/wp-content\/uploads\/2023\/10\/PublicLecture_Poster_Oct2023_FINAL4.jpg\" alt=\"\" width=\"1650\" height=\"2550\" srcset=\"https:\/\/cansupport.ca\/wp-content\/uploads\/2023\/10\/PublicLecture_Poster_Oct2023_FINAL4.jpg 1650w, https:\/\/cansupport.ca\/wp-content\/uploads\/2023\/10\/PublicLecture_Poster_Oct2023_FINAL4-194x300.jpg 194w, https:\/\/cansupport.ca\/wp-content\/uploads\/2023\/10\/PublicLecture_Poster_Oct2023_FINAL4-663x1024.jpg 663w, https:\/\/cansupport.ca\/wp-content\/uploads\/2023\/10\/PublicLecture_Poster_Oct2023_FINAL4-768x1187.jpg 768w, https:\/\/cansupport.ca\/wp-content\/uploads\/2023\/10\/PublicLecture_Poster_Oct2023_FINAL4-994x1536.jpg 994w, https:\/\/cansupport.ca\/wp-content\/uploads\/2023\/10\/PublicLecture_Poster_Oct2023_FINAL4-1325x2048.jpg 1325w\" sizes=\"auto, (max-width: 1650px) 100vw, 1650px\" \/><\/a><\/p>\n<p>&nbsp;<\/p>\n","protected":false},"excerpt":{"rendered":"<p>Joignez-vous \u00e0 nous pour notre conf\u00e9rence publique HYBRID CanSupport des C\u00e8dres Quelles sont les nouveaut\u00e9s en mati\u00e8re de soins et de recherche sur le cancer du sein Apprenez-en plus sur [&hellip;]<\/p>\n","protected":false},"author":4,"featured_media":0,"parent":0,"menu_order":0,"comment_status":"closed","ping_status":"closed","template":"","meta":{"footnotes":""},"class_list":["post-13399","page","type-page","status-publish","hentry"],"_links":{"self":[{"href":"https:\/\/cansupport.ca\/fr\/wp-json\/wp\/v2\/pages\/13399","targetHints":{"allow":["GET"]}}],"collection":[{"href":"https:\/\/cansupport.ca\/fr\/wp-json\/wp\/v2\/pages"}],"about":[{"href":"https:\/\/cansupport.ca\/fr\/wp-json\/wp\/v2\/types\/page"}],"author":[{"embeddable":true,"href":"https:\/\/cansupport.ca\/fr\/wp-json\/wp\/v2\/users\/4"}],"replies":[{"embeddable":true,"href":"https:\/\/cansupport.ca\/fr\/wp-json\/wp\/v2\/comments?post=13399"}],"version-history":[{"count":0,"href":"https:\/\/cansupport.ca\/fr\/wp-json\/wp\/v2\/pages\/13399\/revisions"}],"wp:attachment":[{"href":"https:\/\/cansupport.ca\/fr\/wp-json\/wp\/v2\/media?parent=13399"}],"curies":[{"name":"wp","href":"https:\/\/api.w.org\/{rel}","templated":true}]}}