{"id":12118,"date":"2023-05-19T11:29:23","date_gmt":"2023-05-19T15:29:23","guid":{"rendered":"https:\/\/cansupport.ca\/2023-conference-publique-gratuite-de-cansupport-des-cedres\/"},"modified":"2023-05-19T11:49:37","modified_gmt":"2023-05-19T15:49:37","slug":"2023-conference-publique-gratuite-de-cansupport-des-cedres","status":"publish","type":"page","link":"https:\/\/cansupport.ca\/fr\/2023-conference-publique-gratuite-de-cansupport-des-cedres\/","title":{"rendered":"2023 Conf\u00e9rence publique gratuite de CanSupport des C\u00e8dres"},"content":{"rendered":"<h5>Joignez-vous \u00e0 nous pour notre premi\u00e8re conf\u00e9rence publique HYBRID CanSupport des C\u00e8dres sur les soins de soutien et les soins palliatifs.<\/h5>\n<h5>Apprenez-en plus sur les ressources disponibles, les options de traitement, les r\u00e9sultats de la recherche et les outils \u00e9ducatifs en vous connectant avec des professionnels de la sant\u00e9, des patients et leurs familles.<\/h5>\n<h5><strong>Mardi le 30 mai, 2023<\/strong><\/h5>\n<h5>Acc\u00e8s en ligne via Teams ou en personne au CUSM<\/h5>\n\n<p><img loading=\"lazy\" decoding=\"async\" class=\"alignnone size-full wp-image-12109\" src=\"https:\/\/cansupport.ca\/wp-content\/uploads\/2023\/05\/PublicLecture_Poster2023-FINAL.jpg\" alt=\"\" width=\"792\" height=\"1224\" srcset=\"https:\/\/cansupport.ca\/wp-content\/uploads\/2023\/05\/PublicLecture_Poster2023-FINAL.jpg 792w, https:\/\/cansupport.ca\/wp-content\/uploads\/2023\/05\/PublicLecture_Poster2023-FINAL-194x300.jpg 194w, https:\/\/cansupport.ca\/wp-content\/uploads\/2023\/05\/PublicLecture_Poster2023-FINAL-663x1024.jpg 663w, https:\/\/cansupport.ca\/wp-content\/uploads\/2023\/05\/PublicLecture_Poster2023-FINAL-768x1187.jpg 768w\" sizes=\"auto, (max-width: 792px) 100vw, 792px\" \/><\/p>\n","protected":false},"excerpt":{"rendered":"<p>Joignez-vous \u00e0 nous pour notre premi\u00e8re conf\u00e9rence publique HYBRID CanSupport des C\u00e8dres sur les soins de soutien et les soins palliatifs. Apprenez-en plus sur les ressources disponibles, les options de [&hellip;]<\/p>\n","protected":false},"author":4,"featured_media":0,"parent":0,"menu_order":0,"comment_status":"closed","ping_status":"closed","template":"","meta":{"footnotes":""},"class_list":["post-12118","page","type-page","status-publish","hentry"],"_links":{"self":[{"href":"https:\/\/cansupport.ca\/fr\/wp-json\/wp\/v2\/pages\/12118","targetHints":{"allow":["GET"]}}],"collection":[{"href":"https:\/\/cansupport.ca\/fr\/wp-json\/wp\/v2\/pages"}],"about":[{"href":"https:\/\/cansupport.ca\/fr\/wp-json\/wp\/v2\/types\/page"}],"author":[{"embeddable":true,"href":"https:\/\/cansupport.ca\/fr\/wp-json\/wp\/v2\/users\/4"}],"replies":[{"embeddable":true,"href":"https:\/\/cansupport.ca\/fr\/wp-json\/wp\/v2\/comments?post=12118"}],"version-history":[{"count":1,"href":"https:\/\/cansupport.ca\/fr\/wp-json\/wp\/v2\/pages\/12118\/revisions"}],"predecessor-version":[{"id":12122,"href":"https:\/\/cansupport.ca\/fr\/wp-json\/wp\/v2\/pages\/12118\/revisions\/12122"}],"wp:attachment":[{"href":"https:\/\/cansupport.ca\/fr\/wp-json\/wp\/v2\/media?parent=12118"}],"curies":[{"name":"wp","href":"https:\/\/api.w.org\/{rel}","templated":true}]}}